{"id":16080,"date":"2022-04-06T10:34:08","date_gmt":"2022-04-06T10:34:08","guid":{"rendered":"https:\/\/countryhouseamista.com\/culture\/"},"modified":"2023-01-24T14:00:05","modified_gmt":"2023-01-24T14:00:05","slug":"cultura","status":"publish","type":"page","link":"https:\/\/countryhouseamista.com\/it\/cultura\/","title":{"rendered":"Cultura"},"content":{"rendered":"<p>[vc_row css_animation=&#8221;&#8221; row_type=&#8221;row&#8221; use_row_as_full_screen_section=&#8221;yes&#8221; type=&#8221;full_width&#8221; angled_section=&#8221;no&#8221; text_align=&#8221;left&#8221; background_image_as_pattern=&#8221;without_pattern&#8221; z_index=&#8221;&#8221;][vc_column][layerslider_vc id=&#8221;20&#8243;][\/vc_column][\/vc_row][vc_row css_animation=&#8221;&#8221; row_type=&#8221;row&#8221; use_row_as_full_screen_section=&#8221;yes&#8221; type=&#8221;grid&#8221; angled_section=&#8221;no&#8221; text_align=&#8221;center&#8221; background_image_as_pattern=&#8221;without_pattern&#8221; z_index=&#8221;&#8221; css=&#8221;.vc_custom_1649135715315{padding-top: 60px !important;padding-bottom: 60px !important;}&#8221;][vc_column][vc_column_text]<\/p>\n<p class=\"titolobig\" style=\"text-align: center;\">ARTE E CULTURA<\/p>\n<p>[\/vc_column_text][\/vc_column][\/vc_row][vc_row css_animation=&#8221;&#8221; row_type=&#8221;row&#8221; use_row_as_full_screen_section=&#8221;yes&#8221; type=&#8221;grid&#8221; angled_section=&#8221;no&#8221; text_align=&#8221;center&#8221; background_image_as_pattern=&#8221;without_pattern&#8221; z_index=&#8221;&#8221; css=&#8221;.vc_custom_1649135725696{padding-top: 60px !important;padding-bottom: 60px !important;background-color: #ececec !important;}&#8221;][vc_column][vc_column_text]<\/p>\n<p class=\"sottotitolohome\" style=\"text-align: center;\"><strong>Un palcoscenico di storia e bellezza<\/strong><\/p>\n<p style=\"text-align: center;\">I protagonisti sono i borghi e le citt\u00e0 del Piemonte, con i loro castelli, le chiese, i musei. Dalla Countryhouse il tour tra arte e cultura attraversa il Monferrato e pu\u00f2 spingersi fino a Torino.<\/p>\n<p>[\/vc_column_text][\/vc_column][\/vc_row][vc_row css_animation=&#8221;&#8221; row_type=&#8221;row&#8221; use_row_as_full_screen_section=&#8221;yes&#8221; type=&#8221;grid&#8221; angled_section=&#8221;no&#8221; text_align=&#8221;center&#8221; background_image_as_pattern=&#8221;without_pattern&#8221; z_index=&#8221;&#8221; css=&#8221;.vc_custom_1649238581887{padding-top: 60px !important;}&#8221;][vc_column][vc_column_text]<\/p>\n<p class=\"sottotitolohome\" style=\"text-align: center;\"><strong>Nizza Monferrato (AT)<br \/>\n<\/strong><\/p>\n<p class=\"\" style=\"text-align: center;\">Dopo Asti, il centro pi\u00f9 importante della provincia. Da vedere: chiesa di San Lorenzo, Palazzo comunale con la Torre civica, Palazzo Crova.<br \/>\n<a class=\"linkdentromore\" href=\"https:\/\/www.comune.nizza.asti.it\/it\/menu\/140171\" target=\"_blank\" rel=\"noopener\">Scopri di pi\u00f9<\/a><\/p>\n<p>[\/vc_column_text][\/vc_column][\/vc_row][vc_row css_animation=&#8221;&#8221; row_type=&#8221;row&#8221; use_row_as_full_screen_section=&#8221;yes&#8221; type=&#8221;grid&#8221; angled_section=&#8221;no&#8221; text_align=&#8221;center&#8221; background_image_as_pattern=&#8221;without_pattern&#8221; z_index=&#8221;&#8221; css=&#8221;.vc_custom_1649238581887{padding-top: 60px !important;}&#8221;][vc_column][vc_column_text]<\/p>\n<p class=\"sottotitolohome\" style=\"text-align: center;\"><strong>Canelli (AT)<\/strong><\/p>\n<p class=\"\" style=\"text-align: center;\">Con Nizza \u00e8 il centro pi\u00f9 importante della provincia. Da vedere: chiesa di San Rocco, Castello, Cantine sotterranee.<br \/>\n<a class=\"linkdentromore\" href=\"https:\/\/www.comune.canelli.at.it\/servizi\/notizie\/notizie_homepage.aspx\" target=\"_blank\" rel=\"noopener\">Scopri di pi\u00f9<\/a><\/p>\n<p>[\/vc_column_text][\/vc_column][\/vc_row][vc_row css_animation=&#8221;&#8221; row_type=&#8221;row&#8221; use_row_as_full_screen_section=&#8221;yes&#8221; type=&#8221;grid&#8221; angled_section=&#8221;no&#8221; text_align=&#8221;center&#8221; background_image_as_pattern=&#8221;without_pattern&#8221; z_index=&#8221;&#8221; css=&#8221;.vc_custom_1649238581887{padding-top: 60px !important;}&#8221;][vc_column][vc_column_text]<\/p>\n<p class=\"sottotitolohome\" style=\"text-align: center;\"><strong>Moasca (AT)<\/strong><\/p>\n<p class=\"\" style=\"text-align: center;\">Piccolo e caratteristico borgo medievale sulle colline del Nizza Docg. Da vedere: il Castello del 1351.<br \/>\n<a class=\"linkdentromore\" href=\"http:\/\/www.comune.moasca.at.it\/Default.aspx\" target=\"_blank\" rel=\"noopener\">Scopri di pi\u00f9<\/a><\/p>\n<p>[\/vc_column_text][\/vc_column][\/vc_row][vc_row css_animation=&#8221;&#8221; row_type=&#8221;row&#8221; use_row_as_full_screen_section=&#8221;yes&#8221; type=&#8221;grid&#8221; angled_section=&#8221;no&#8221; text_align=&#8221;center&#8221; background_image_as_pattern=&#8221;without_pattern&#8221; z_index=&#8221;&#8221; css=&#8221;.vc_custom_1649238581887{padding-top: 60px !important;}&#8221;][vc_column][vc_column_text]<\/p>\n<p class=\"sottotitolohome\" style=\"text-align: center;\"><strong>Mombaruzzo (AT)<\/strong><\/p>\n<p class=\"\" style=\"text-align: center;\">Conosciuta per i suoi amaretti, biscotti tipici della pasticceria locale risalenti al XVIII secolo.<br \/>\n<a class=\"linkdentromore\" href=\"https:\/\/www.comune.mombaruzzo.at.it\/archivio\/news\/Cosa-hanno-di-speciale-gli-amaretti-di-Mombaruzzo_2.asp\" target=\"_blank\" rel=\"noopener\">Scopri di pi\u00f9<\/a><\/p>\n<p>[\/vc_column_text][\/vc_column][\/vc_row][vc_row css_animation=&#8221;&#8221; row_type=&#8221;row&#8221; use_row_as_full_screen_section=&#8221;yes&#8221; type=&#8221;grid&#8221; angled_section=&#8221;no&#8221; text_align=&#8221;center&#8221; background_image_as_pattern=&#8221;without_pattern&#8221; z_index=&#8221;&#8221; css=&#8221;.vc_custom_1649238581887{padding-top: 60px !important;}&#8221;][vc_column][vc_column_text]<\/p>\n<p class=\"sottotitolohome\" style=\"text-align: center;\"><strong>Acqui Terme (AL)<\/strong><\/p>\n<p class=\"\" style=\"text-align: center;\">Famoso centro termale. In Piazza della Bollente \u00e8 posta dal 1879 un\u2019edicola marmorea che circonda una fonte acqua bollente e curativa.<br \/>\n<a class=\"linkdentromore\" href=\"https:\/\/turismo.comuneacqui.it\/\" target=\"_blank\" rel=\"noopener\">Scopri di pi\u00f9<\/a><\/p>\n<p>[\/vc_column_text][\/vc_column][\/vc_row][vc_row css_animation=&#8221;&#8221; row_type=&#8221;row&#8221; use_row_as_full_screen_section=&#8221;yes&#8221; type=&#8221;grid&#8221; angled_section=&#8221;no&#8221; text_align=&#8221;center&#8221; background_image_as_pattern=&#8221;without_pattern&#8221; z_index=&#8221;&#8221; css=&#8221;.vc_custom_1649238581887{padding-top: 60px !important;}&#8221;][vc_column][vc_column_text]<\/p>\n<p class=\"sottotitolohome\" style=\"text-align: center;\"><strong>Alba<\/strong><\/p>\n<p class=\"\" style=\"text-align: center;\">La citt\u00e0 del Tartufo, della Nutella, capitale della Langhe. Da vedere: le Torri, il Duomo, via Maestra.<br \/>\n<a class=\"linkdentromore\" href=\"https:\/\/www.comune.alba.cn.it\/la-citta\" target=\"_blank\" rel=\"noopener\">Scopri di pi\u00f9<\/a><\/p>\n<p>[\/vc_column_text][\/vc_column][\/vc_row][vc_row css_animation=&#8221;&#8221; row_type=&#8221;row&#8221; use_row_as_full_screen_section=&#8221;yes&#8221; type=&#8221;grid&#8221; angled_section=&#8221;no&#8221; text_align=&#8221;center&#8221; background_image_as_pattern=&#8221;without_pattern&#8221; z_index=&#8221;&#8221; css=&#8221;.vc_custom_1649238581887{padding-top: 60px !important;}&#8221;][vc_column][vc_column_text]<\/p>\n<p class=\"sottotitolohome\" style=\"text-align: center;\"><strong>Torino<\/strong><\/p>\n<p class=\"\" style=\"text-align: center;\">Capoluogo del Piemonte: la citt\u00e0 della Mole Antonelliana, dei caff\u00e8 storici, della Sindone e molto di pi\u00f9. Si consiglia:<br \/>\n<a class=\"linkdentromore\" href=\"https:\/\/www.museoegizio.it\/en\/\" target=\"_blank\" rel=\"noopener\">Museo Egizio di Torino<\/a><br \/>\n<a class=\"linkdentromore\" href=\"https:\/\/www.museocinema.it\/it?gclid=Cj0KCQjw0PWRBhDKARIsAPKHFGhtvagD1zCcDNq0LpWZFK-3R7l4iejtuEfXrWwB0vb3Wpx-unJMUd8aAum_EALw_wcB\" target=\"_blank\" rel=\"noopener\">Museo Nazionale del Cinema<\/a><br \/>\n<a class=\"linkdentromore\" href=\"https:\/\/www.gamtorino.it\/en\" target=\"_blank\" rel=\"noopener\">GAM (Galleria Arte Moderna)<\/a><br \/>\n<a class=\"linkdentromore\" href=\"https:\/\/lavenaria.it\" target=\"_blank\" rel=\"noopener\">Reggia di Venaria<\/a><\/p>\n<p>[\/vc_column_text][\/vc_column][\/vc_row][vc_row css_animation=&#8221;&#8221; row_type=&#8221;row&#8221; use_row_as_full_screen_section=&#8221;yes&#8221; type=&#8221;grid&#8221; angled_section=&#8221;no&#8221; text_align=&#8221;center&#8221; background_image_as_pattern=&#8221;without_pattern&#8221; z_index=&#8221;&#8221; css=&#8221;.vc_custom_1649241325368{padding-top: 60px !important;padding-bottom: 60px !important;}&#8221;][vc_column][vc_column_text]<\/p>\n<p class=\"\" style=\"text-align: center;\">Per il tuo soggiorno a Torino, ti consigliamo:<br \/>\n<strong>LOOK TO<br \/>\n<\/strong>il Bed&amp;Breakfast di charme in pieno centro.<\/p>\n<p style=\"text-align: center;\"><a class=\"linkdentromore\" href=\"https:\/\/looktosuite.it\/\" target=\"_blank\" rel=\"noopener\">Scopri di pi\u00f9<\/a><\/p>\n<p>[\/vc_column_text][\/vc_column][\/vc_row]<\/p>\n","protected":false},"excerpt":{"rendered":"<p>[vc_row css_animation=&#8221;&#8221; row_type=&#8221;row&#8221; use_row_as_full_screen_section=&#8221;yes&#8221; type=&#8221;full_width&#8221; angled_section=&#8221;no&#8221; text_align=&#8221;left&#8221; background_image_as_pattern=&#8221;without_pattern&#8221; z_index=&#8221;&#8221;][vc_column][layerslider_vc id=&#8221;20&#8243;][\/vc_column][\/vc_row][vc_row css_animation=&#8221;&#8221; row_type=&#8221;row&#8221; use_row_as_full_screen_section=&#8221;yes&#8221; type=&#8221;grid&#8221; angled_section=&#8221;no&#8221; text_align=&#8221;center&#8221; background_image_as_pattern=&#8221;without_pattern&#8221; z_index=&#8221;&#8221; css=&#8221;.vc_custom_1649135715315{padding-top: 60px !important;padding-bottom: 60px !important;}&#8221;][vc_column][vc_column_text] ARTE E CULTURA [\/vc_column_text][\/vc_column][\/vc_row][vc_row css_animation=&#8221;&#8221; row_type=&#8221;row&#8221; use_row_as_full_screen_section=&#8221;yes&#8221; type=&#8221;grid&#8221; angled_section=&#8221;no&#8221; text_align=&#8221;center&#8221; background_image_as_pattern=&#8221;without_pattern&#8221; z_index=&#8221;&#8221; css=&#8221;.vc_custom_1649135725696{padding-top: 60px !important;padding-bottom: 60px !important;background-color: #ececec !important;}&#8221;][vc_column][vc_column_text] Un palcoscenico di&#8230;<\/p>\n","protected":false},"author":2,"featured_media":0,"parent":0,"menu_order":0,"comment_status":"closed","ping_status":"open","template":"full_width.php","meta":[],"_links":{"self":[{"href":"https:\/\/countryhouseamista.com\/it\/wp-json\/wp\/v2\/pages\/16080"}],"collection":[{"href":"https:\/\/countryhouseamista.com\/it\/wp-json\/wp\/v2\/pages"}],"about":[{"href":"https:\/\/countryhouseamista.com\/it\/wp-json\/wp\/v2\/types\/page"}],"author":[{"embeddable":true,"href":"https:\/\/countryhouseamista.com\/it\/wp-json\/wp\/v2\/users\/2"}],"replies":[{"embeddable":true,"href":"https:\/\/countryhouseamista.com\/it\/wp-json\/wp\/v2\/comments?post=16080"}],"version-history":[{"count":5,"href":"https:\/\/countryhouseamista.com\/it\/wp-json\/wp\/v2\/pages\/16080\/revisions"}],"predecessor-version":[{"id":16277,"href":"https:\/\/countryhouseamista.com\/it\/wp-json\/wp\/v2\/pages\/16080\/revisions\/16277"}],"wp:attachment":[{"href":"https:\/\/countryhouseamista.com\/it\/wp-json\/wp\/v2\/media?parent=16080"}],"curies":[{"name":"wp","href":"https:\/\/api.w.org\/{rel}","templated":true}]}}